{"id":3,"date":"2019-12-04T15:49:32","date_gmt":"2019-12-04T14:49:32","guid":{"rendered":"http:\/\/185.40.115.170\/portal\/?page_id=3"},"modified":"2021-03-30T13:42:35","modified_gmt":"2021-03-30T11:42:35","slug":"polityka-prywatnosci","status":"publish","type":"page","link":"http:\/\/digitalizacja.bialapodlaska.pl\/portal\/polityka-prywatnosci\/","title":{"rendered":"Polityka prywatno\u015bci"},"content":{"rendered":"\n<h2>Kim jeste\u015bmy<\/h2>\n\n\n\n<p>Administratorem danych osobowych portalu <a href=\"http:\/\/digitalizacja.bialapodlaska.pl\/portal \">http:\/\/digitalizacja.bialapodlaska.pl\/portal <\/a>jest:\u00a0<\/p>\n\n\n\n<p><strong>Muzeum Po\u0142udniowego Podlasia<\/strong>, <br>ul.\u00a0Warszawska 12, <br>21-500 Bia\u0142a Podlaska, <br><strong>tel.:<\/strong>\u00a083 3416757, <br><strong>e-mail:<\/strong>\u00a0<a href=\"mailto:muzeum@muzeumbiala.pl\">muzeum@muzeumbiala.pl<\/a><\/p>\n\n\n\n<h2>Jakie dane osobiste zbieramy i dlaczego je zbieramy<\/h2>\n\n\n\n<p>Portal nie\u00a0zbiera w\u00a0spos\u00f3b automatyczny \u017cadnych informacji, z\u00a0wyj\u0105tkiem informacji zawartych w\u00a0plikach cookies.<\/p>\n\n\n\n<h3>Ciasteczka (Cookies)<\/h3>\n\n\n\n<p>Administrator danych wykorzystuje pliki typu Cookies w celu dostosowania zawarto\u015bci portalu do\u00a0preferencji U\u017cytkownika, optymalizacji korzystania z portalu oraz do gromadzenia informacji zwi\u0105zanych z korzystaniem z Portalu przez U\u017cytkownik\u00f3w. Administrator danych zbiera informacje o liczbie wizyt na Portalu, czasie wizyty, numer IP komputera. Administrator danych w \u017caden spos\u00f3b nie wi\u0105\u017ce takich informacji z danymi osobowymi U\u017cytkownik\u00f3w i nie wykorzystuje ich do p\u00f3\u017aniejszej identyfikacji.<\/p>\n\n\n\n<p>Administrator danych wykorzystuje pliki typu Cookies w celu usprawnienia dzia\u0142ania Portalu. Ograniczenie lub wy\u0142\u0105czenie w przegl\u0105darce obs\u0142ugi plik\u00f3w cookies nie ma wp\u0142ywu na jako\u015b\u0107 przegl\u0105dania.<\/p>\n\n\n\n<h3>Osadzone tre\u015bci z innych witryn<\/h3>\n\n\n\n<p>Artyku\u0142y na tej witrynie mog\u0105 zawiera\u0107 osadzone tre\u015bci (np. filmy, obrazki, artyku\u0142y itp.). Osadzone tre\u015bci z innych witryn zachowuj\u0105 si\u0119 analogicznie do tego, jakby u\u017cytkownik odwiedzi\u0142 bezpo\u015brednio konkretn\u0105 witryn\u0119.<\/p>\n\n\n\n<p>Witryny mog\u0105 zbiera\u0107 informacje o tobie, u\u017cywa\u0107 ciasteczek, do\u0142\u0105cza\u0107 dodatkowe, zewn\u0119trzne systemy \u015bledzenia i monitorowa\u0107 twoje interakcje z osadzonym materia\u0142em, w\u0142\u0105czaj\u0105c w to \u015bledzenie twoich interakcji z osadzonym materia\u0142em je\u015bli posiadasz konto i jeste\u015b zalogowany w tamtej witrynie.<\/p>\n\n\n\n<h2>Zarz\u0105dzanie Ciasteczkami<\/h2>\n\n\n\n<p>Za ustawienia i obs\u0142ug\u0119 plik\u00f3w cookies odpowiedzialna jest przegl\u0105darka internetowa. Spos\u00f3b zarz\u0105dzania mo\u017ce si\u0119 r\u00f3\u017cni\u0107 w zale\u017cno\u015bci od wykorzystywanej przegl\u0105darki. Informacj\u0119 o tym jak korzysta\u0107 z plik\u00f3w Cookies w najcz\u0119\u015bciej wykorzystywanych przegl\u0105darkach mo\u017cna znale\u017a\u0107 mi\u0119dzy innymi na stronach:<\/p>\n\n\n\n<p><a href=\"http:\/\/support.mozilla.org\/pl\/kb\/ciasteczka\">Mozilla Firefox<\/a><br><a href=\"http:\/\/support.microsoft.com\/kb\/278835\/pl\">Internet Explorer<\/a><br><a href=\"http:\/\/support.google.com\/chrome\/bin\/answer.py?hl=pl&amp;answer=95647\">Google Chrome<\/a><br><a href=\"http:\/\/www.apple.com\/pl\/pro\/tips\/privacy_safari.html\">Safari<\/a><br><a href=\"http:\/\/help.opera.com\/Windows\/12.10\/pl\/cookies.html\">Opera<\/a><\/p>\n","protected":false},"excerpt":{"rendered":"<p>Kim jeste\u015bmy Administratorem danych osobowych portalu http:\/\/digitalizacja.bialapodlaska.pl\/portal jest:\u00a0 Muzeum Po\u0142udniowego Podlasia, ul.\u00a0Warszawska 12, 21-500 Bia\u0142a Podlaska, tel.:\u00a083 3416757, e-mail:\u00a0muzeum@muzeumbiala.pl Jakie dane osobiste zbieramy i dlaczego je zbieramy Portal nie\u00a0zbiera w\u00a0spos\u00f3b automatyczny \u017cadnych informacji, z\u00a0wyj\u0105tkiem informacji zawartych w\u00a0plikach cookies. Ciasteczka (Cookies) Administrator danych wykorzystuje pliki typu Cookies w celu dostosowania zawarto\u015bci portalu do\u00a0preferencji U\u017cytkownika, optymalizacji korzystania [&hellip;]<\/p>\n","protected":false},"author":1,"featured_media":0,"parent":0,"menu_order":0,"comment_status":"closed","ping_status":"open","template":"","meta":[],"_links":{"self":[{"href":"http:\/\/digitalizacja.bialapodlaska.pl\/portal\/wp-json\/wp\/v2\/pages\/3"}],"collection":[{"href":"http:\/\/digitalizacja.bialapodlaska.pl\/portal\/wp-json\/wp\/v2\/pages"}],"about":[{"href":"http:\/\/digitalizacja.bialapodlaska.pl\/portal\/wp-json\/wp\/v2\/types\/page"}],"author":[{"embeddable":true,"href":"http:\/\/digitalizacja.bialapodlaska.pl\/portal\/wp-json\/wp\/v2\/users\/1"}],"replies":[{"embeddable":true,"href":"http:\/\/digitalizacja.bialapodlaska.pl\/portal\/wp-json\/wp\/v2\/comments?post=3"}],"version-history":[{"count":1,"href":"http:\/\/digitalizacja.bialapodlaska.pl\/portal\/wp-json\/wp\/v2\/pages\/3\/revisions"}],"predecessor-version":[{"id":41,"href":"http:\/\/digitalizacja.bialapodlaska.pl\/portal\/wp-json\/wp\/v2\/pages\/3\/revisions\/41"}],"wp:attachment":[{"href":"http:\/\/digitalizacja.bialapodlaska.pl\/portal\/wp-json\/wp\/v2\/media?parent=3"}],"curies":[{"name":"wp","href":"https:\/\/api.w.org\/{rel}","templated":true}]}}